{"id":126,"date":"2023-04-13T23:35:57","date_gmt":"2023-04-13T21:35:57","guid":{"rendered":"https:\/\/smashrepressioner.noblogs.org\/?page_id=126"},"modified":"2024-04-05T07:51:57","modified_gmt":"2024-04-05T05:51:57","slug":"materiali","status":"publish","type":"page","link":"https:\/\/smashrepressioner.noblogs.org\/?page_id=126","title":{"rendered":"Materiali"},"content":{"rendered":"<p style=\"text-align: center\"><a href=\"http:\/\/thetinypage.artathack.me\/informazione\/freeparty\/file\/taz-zine.pdf\">Taz Zine!<\/a><\/p>\n<p style=\"text-align: center\">___<\/p>\n<p style=\"text-align: center\"><a href=\"http:\/\/thetinypage.artathack.me\/informazione\/freeparty\/file\/RepetitiveBeats_N0_Novembre2022.pdf\">Repetitive Beats N#0 (Novembre 2022) (aspetti legali, riduzione del danno, problema delle molestie nei free party)<\/a><\/p>\n<p style=\"text-align: center\"><a href=\"https:\/\/cloud.cristo.re\/s\/daXCzfFyZ84pz2F?dir=undefined&amp;path=%2FComunit%C3%A0&amp;openfile=10556\">\u00a0Repetitive Beats N#1 (Dicembre 2022) (sui fatti di Modena, riduzione del danno, strategie di lotta contro la repressione)<\/a><\/p>\n<p style=\"text-align: center\">___<\/p>\n<p style=\"text-align: center\"><a href=\"https:\/\/sissc.it\/pubblicazioni\/rivista-altrove\/\">&#8220;Altrove&#8221;, sugli stati alterati di coscienza, dionisiaco e altro<\/a><\/p>\n<p style=\"text-align: center\"><a href=\"https:\/\/iravernonsognanopiu.noblogs.org\/\">I Raver non sognano pi\u00f9 &#8211; blog<\/a><\/p>\n<p style=\"text-align: center\"><a href=\"http:\/\/www.drexkode.net\/PageContents\/Articoli\/Tesi%20Raveparties\/Tesi%20rave%20parties%20indice.htm\">&#8220;TECNOLOGIA, TRIBALISMO E FORME DI NOMADISMO METROPOLITANO&#8221;<\/a><\/p>\n<p style=\"text-align: center\">___<\/p>\n<p style=\"text-align: center\"><a href=\"http:\/\/Opuscolo &quot;fuorilegge. Guida contro la repressione&quot; di rete Evasioni, 2023. https:\/\/www.inventati.org\/rete_evasioni\/?p=4187\">&#8220;Fuorilegge &#8211; guida contro la repressione&#8221; da Rete Evasioni, Aprile 2023<\/a><\/p>\n<p style=\"text-align: center\">___<\/p>\n<p style=\"text-align: center\"><a href=\"https:\/\/kagpisogne.noblogs.org\/files\/2019\/01\/taz-ine.pdf\">&#8220;Taz-ine , taz astensionista! &#8211; Erezioni comunali 2016 &#8211; Milano&#8221; &#8211;\u00a0 Cascina Torchiera<\/a><\/p>\n<p style=\"text-align: center\">___<\/p>\n<p style=\"text-align: center\"><a href=\"https:\/\/smashrepressioner.noblogs.org\/files\/2023\/06\/Consenso-sessoconsenso.pdf\">FanZine &#8211;\u00a0 &#8220;CONSenSSO\u00a0 &#8211; [ sesso con senso &#8211; consenso ] &#8220;-\u00a0<\/a><\/p>\n<p style=\"text-align: center\">___<\/p>\n<p style=\"text-align: center\"><a href=\"https:\/\/facciamo.cisti.org\/#\/\">Autodifesa Digitale _ A\/I<\/a><\/p>\n<p style=\"text-align: center\"><a href=\"https:\/\/guide.boum.org\/pr%C3%A9face-%C3%A0-cette-%C3%A9dition.html\">Guide d&#8217;autod\u00e9fense nume\u00e9rique &#8211; Sixi\u00e8me edition &#8211; 03\/2023<\/a><\/p>\n<p style=\"text-align: center\">___<\/p>\n<p style=\"text-align: center\"><a href=\"http:\/\/thetinypage.artathack.me\">The Tiny Page<\/a> :<\/p>\n<p style=\"text-align: center\"><a href=\"http:\/\/thetinypage.artathack.me\/freeparty.php\">free party &amp; illegal rave<\/a><\/p>\n<p style=\"text-align: center\"><a href=\"http:\/\/thetinypage.artathack.me\/antirepressione.php\">anti-repressione e difesa<\/a><\/p>\n<p style=\"text-align: center\"><a href=\"http:\/\/thetinypage.artathack.me\/digitale.php\">digitale<\/a><\/p>\n<p style=\"text-align: center\"><a href=\"http:\/\/thetinypage.artathack.me\/riduzionedanno.php\">riduzione del danno<\/a><\/p>\n<p style=\"text-align: center\"><a href=\"http:\/\/thetinypage.artathack.me\/letturegratuite.php\">letture gratuite<\/a><\/p>\n<p style=\"text-align: center\"><a href=\"http:\/\/thetinypage.artathack.me\/video.php\">video e documentari<\/a><\/p>\n","protected":false},"excerpt":{"rendered":"<p>Taz Zine! ___ Repetitive Beats N#0 (Novembre 2022) (aspetti legali, riduzione del danno, problema delle molestie nei free party) \u00a0Repetitive Beats N#1 (Dicembre 2022) (sui fatti di Modena, riduzione del danno, strategie di lotta contro la repressione) ___ &#8220;Altrove&#8221;, sugli stati alterati di coscienza, dionisiaco e altro I Raver non sognano pi\u00f9 &#8211; blog &#8220;TECNOLOGIA, [&hellip;]<\/p>\n","protected":false},"author":18738,"featured_media":16,"parent":0,"menu_order":0,"comment_status":"closed","ping_status":"closed","template":"","meta":{"footnotes":""},"class_list":["post-126","page","type-page","status-publish","has-post-thumbnail","hentry"],"_links":{"self":[{"href":"https:\/\/smashrepressioner.noblogs.org\/index.php?rest_route=\/wp\/v2\/pages\/126","targetHints":{"allow":["GET"]}}],"collection":[{"href":"https:\/\/smashrepressioner.noblogs.org\/index.php?rest_route=\/wp\/v2\/pages"}],"about":[{"href":"https:\/\/smashrepressioner.noblogs.org\/index.php?rest_route=\/wp\/v2\/types\/page"}],"author":[{"embeddable":true,"href":"https:\/\/smashrepressioner.noblogs.org\/index.php?rest_route=\/wp\/v2\/users\/18738"}],"replies":[{"embeddable":true,"href":"https:\/\/smashrepressioner.noblogs.org\/index.php?rest_route=%2Fwp%2Fv2%2Fcomments&post=126"}],"version-history":[{"count":10,"href":"https:\/\/smashrepressioner.noblogs.org\/index.php?rest_route=\/wp\/v2\/pages\/126\/revisions"}],"predecessor-version":[{"id":493,"href":"https:\/\/smashrepressioner.noblogs.org\/index.php?rest_route=\/wp\/v2\/pages\/126\/revisions\/493"}],"wp:featuredmedia":[{"embeddable":true,"href":"https:\/\/smashrepressioner.noblogs.org\/index.php?rest_route=\/wp\/v2\/media\/16"}],"wp:attachment":[{"href":"https:\/\/smashrepressioner.noblogs.org\/index.php?rest_route=%2Fwp%2Fv2%2Fmedia&parent=126"}],"curies":[{"name":"wp","href":"https:\/\/api.w.org\/{rel}","templated":true}]}}